{"id":92,"date":"2018-10-13T20:04:47","date_gmt":"2018-10-13T18:04:47","guid":{"rendered":"http:\/\/graphorium-en-beaujolais.fr\/?page_id=92"},"modified":"2022-10-29T15:20:24","modified_gmt":"2022-10-29T13:20:24","slug":"bienvenue-au-graphorium-en-beaujolais","status":"publish","type":"page","link":"https:\/\/graphorium-en-beaujolais.fr\/","title":{"rendered":"Bienvenue au Graphorium en Beaujolais"},"content":{"rendered":"<p><em>Bienvenue sur le \u00a0site du Graphorium en Beaujolais, le site de passionn\u00e9s de calligraphie, enluminure, arts graphiques, histoire et l\u00e9gendes du Moyen-\u00c2ge.<\/em><br \/>\n<em>Nous sommes tr\u00e8s heureux et fiers d&rsquo;avoir cr\u00e9\u00e9 ce site, afin de pouvoir vous faire partager notre passion et suivre nos aventures.<\/em><br \/>\n<em>En compl\u00e9ment de notre page Facebook, plut\u00f4t d\u00e9di\u00e9e aux informations imm\u00e9diates, vous trouverez ici des articles de fond, concernant nos activit\u00e9s, nos sorties, nos \u00e9tudes.<\/em><br \/>\n<em>N&rsquo;h\u00e9sitez pas \u00e0 laisser vos commentaires, ou \u00e0 nous contacter et nous\u00a0 solliciter via la messagerie.<\/em><br \/>\n<em>Nous vous disons \u00e0 tr\u00e8s bient\u00f4t.<\/em><\/p>\n<p><em>L&rsquo;\u00e9quipe du Graphorium en Beaujolais.<\/em><\/p>\n","protected":false},"excerpt":{"rendered":"<p>Bienvenue sur le \u00a0site du Graphorium en Beaujolais, le site de passionn\u00e9s de calligraphie, enluminure, arts graphiques, histoire et l\u00e9gendes du Moyen-\u00c2ge. Nous sommes tr\u00e8s heureux et fiers d&rsquo;avoir cr\u00e9\u00e9 ce site, afin de pouvoir vous faire partager notre passion et suivre nos aventures. En compl\u00e9ment de notre page Facebook, plut\u00f4t d\u00e9di\u00e9e aux informations imm\u00e9diates,\u2026<\/p>\n","protected":false},"author":1,"featured_media":0,"parent":0,"menu_order":0,"comment_status":"closed","ping_status":"closed","template":"","meta":{"footnotes":""},"class_list":["post-92","page","type-page","status-publish","hentry"],"_links":{"self":[{"href":"https:\/\/graphorium-en-beaujolais.fr\/index.php?rest_route=\/wp\/v2\/pages\/92","targetHints":{"allow":["GET"]}}],"collection":[{"href":"https:\/\/graphorium-en-beaujolais.fr\/index.php?rest_route=\/wp\/v2\/pages"}],"about":[{"href":"https:\/\/graphorium-en-beaujolais.fr\/index.php?rest_route=\/wp\/v2\/types\/page"}],"author":[{"embeddable":true,"href":"https:\/\/graphorium-en-beaujolais.fr\/index.php?rest_route=\/wp\/v2\/users\/1"}],"replies":[{"embeddable":true,"href":"https:\/\/graphorium-en-beaujolais.fr\/index.php?rest_route=%2Fwp%2Fv2%2Fcomments&post=92"}],"version-history":[{"count":4,"href":"https:\/\/graphorium-en-beaujolais.fr\/index.php?rest_route=\/wp\/v2\/pages\/92\/revisions"}],"predecessor-version":[{"id":1598,"href":"https:\/\/graphorium-en-beaujolais.fr\/index.php?rest_route=\/wp\/v2\/pages\/92\/revisions\/1598"}],"wp:attachment":[{"href":"https:\/\/graphorium-en-beaujolais.fr\/index.php?rest_route=%2Fwp%2Fv2%2Fmedia&parent=92"}],"curies":[{"name":"wp","href":"https:\/\/api.w.org\/{rel}","templated":true}]}}