{"id":291,"date":"2018-11-02T22:45:31","date_gmt":"2018-11-02T21:45:31","guid":{"rendered":"http:\/\/graphorium-en-beaujolais.fr\/?page_id=291"},"modified":"2021-07-28T11:15:26","modified_gmt":"2021-07-28T09:15:26","slug":"prestations-et-stages","status":"publish","type":"page","link":"https:\/\/graphorium-en-beaujolais.fr\/?page_id=291","title":{"rendered":"Prestations et Stages"},"content":{"rendered":"\n<p>Le Graphorium en Beaujolais propose des prestations, des animations et des d\u00e9monstrations autour de la calligraphie et de l\u2019enluminure m\u00e9di\u00e9vales, en costumes et dans un environnement historique reconstitu\u00e9.<\/p>\n\n\n\n<p>L&rsquo;association propose \u00e9galement des animations et activit\u00e9s autour de l&rsquo;h\u00e9raldique, la science des blasons, \u00e0 destination particuli\u00e8rement des enfants.<\/p>\n\n\n\n<p>L&rsquo;association propose enfin des stages d&rsquo;initiation \u00e0 la calligraphie m\u00e9di\u00e9vale et \u00e0 l&rsquo;enluminure. Tous les supports, et mat\u00e9riels sont fournis.<\/p>\n\n\n\n<p>N&rsquo;h\u00e9sitez pas \u00e0 nous solliciter pour discuter de votre projet, et obtenir une proposition et un devis adapt\u00e9s \u00e0 votre besoin.<\/p>\n\n\n\n<p><em>Contact : Dame Tiffen au 06 70 54 51 03 ou Ma\u00eetre Padraigh au 06 86 35 66 74 ou sur contact@graphorium-en-beaujolais.fr<\/em><\/p>\n","protected":false},"excerpt":{"rendered":"<p>Le Graphorium en Beaujolais propose des prestations, des animations et des d\u00e9monstrations autour de la calligraphie et de l\u2019enluminure m\u00e9di\u00e9vales, en costumes et dans un environnement historique reconstitu\u00e9. L&rsquo;association propose \u00e9galement des animations et activit\u00e9s autour de l&rsquo;h\u00e9raldique, la science des blasons, \u00e0 destination particuli\u00e8rement des enfants. L&rsquo;association propose enfin des stages d&rsquo;initiation \u00e0 la\u2026<\/p>\n","protected":false},"author":1,"featured_media":327,"parent":0,"menu_order":0,"comment_status":"closed","ping_status":"closed","template":"","meta":{"footnotes":""},"class_list":["post-291","page","type-page","status-publish","has-post-thumbnail","hentry"],"_links":{"self":[{"href":"https:\/\/graphorium-en-beaujolais.fr\/index.php?rest_route=\/wp\/v2\/pages\/291","targetHints":{"allow":["GET"]}}],"collection":[{"href":"https:\/\/graphorium-en-beaujolais.fr\/index.php?rest_route=\/wp\/v2\/pages"}],"about":[{"href":"https:\/\/graphorium-en-beaujolais.fr\/index.php?rest_route=\/wp\/v2\/types\/page"}],"author":[{"embeddable":true,"href":"https:\/\/graphorium-en-beaujolais.fr\/index.php?rest_route=\/wp\/v2\/users\/1"}],"replies":[{"embeddable":true,"href":"https:\/\/graphorium-en-beaujolais.fr\/index.php?rest_route=%2Fwp%2Fv2%2Fcomments&post=291"}],"version-history":[{"count":4,"href":"https:\/\/graphorium-en-beaujolais.fr\/index.php?rest_route=\/wp\/v2\/pages\/291\/revisions"}],"predecessor-version":[{"id":1267,"href":"https:\/\/graphorium-en-beaujolais.fr\/index.php?rest_route=\/wp\/v2\/pages\/291\/revisions\/1267"}],"wp:featuredmedia":[{"embeddable":true,"href":"https:\/\/graphorium-en-beaujolais.fr\/index.php?rest_route=\/wp\/v2\/media\/327"}],"wp:attachment":[{"href":"https:\/\/graphorium-en-beaujolais.fr\/index.php?rest_route=%2Fwp%2Fv2%2Fmedia&parent=291"}],"curies":[{"name":"wp","href":"https:\/\/api.w.org\/{rel}","templated":true}]}}