{"id":290,"date":"2018-11-02T22:45:31","date_gmt":"2018-11-02T21:45:31","guid":{"rendered":"http:\/\/graphorium-en-beaujolais.fr\/?page_id=290"},"modified":"2018-11-02T23:46:09","modified_gmt":"2018-11-02T22:46:09","slug":"sorties-pedagogiques","status":"publish","type":"page","link":"https:\/\/graphorium-en-beaujolais.fr\/?page_id=290","title":{"rendered":"Sorties P\u00e9dagogiques"},"content":{"rendered":"\n<p>Visites de sites caract\u00e9ristiques et embl\u00e9matiques du Moyen-Age tels que ch\u00e2teaux, abbayes, mus\u00e9es, etc&#8230; <\/p>\n\n\n\n<p>Cela nous permet de nous impr\u00e9gner du mode de vie et de la culture m\u00e9di\u00e9vale, de d\u00e9couvrir l&rsquo;histoire et les l\u00e9gendes du Moyen-Age.<\/p>\n\n\n\n<p><\/p>\n","protected":false},"excerpt":{"rendered":"<p>Visites de sites caract\u00e9ristiques et embl\u00e9matiques du Moyen-Age tels que ch\u00e2teaux, abbayes, mus\u00e9es, etc&#8230; Cela nous permet de nous impr\u00e9gner du mode de vie et de la culture m\u00e9di\u00e9vale, de d\u00e9couvrir l&rsquo;histoire et les l\u00e9gendes du Moyen-Age.<\/p>\n","protected":false},"author":1,"featured_media":318,"parent":0,"menu_order":0,"comment_status":"closed","ping_status":"closed","template":"","meta":{"footnotes":""},"class_list":["post-290","page","type-page","status-publish","has-post-thumbnail","hentry"],"_links":{"self":[{"href":"https:\/\/graphorium-en-beaujolais.fr\/index.php?rest_route=\/wp\/v2\/pages\/290","targetHints":{"allow":["GET"]}}],"collection":[{"href":"https:\/\/graphorium-en-beaujolais.fr\/index.php?rest_route=\/wp\/v2\/pages"}],"about":[{"href":"https:\/\/graphorium-en-beaujolais.fr\/index.php?rest_route=\/wp\/v2\/types\/page"}],"author":[{"embeddable":true,"href":"https:\/\/graphorium-en-beaujolais.fr\/index.php?rest_route=\/wp\/v2\/users\/1"}],"replies":[{"embeddable":true,"href":"https:\/\/graphorium-en-beaujolais.fr\/index.php?rest_route=%2Fwp%2Fv2%2Fcomments&post=290"}],"version-history":[{"count":3,"href":"https:\/\/graphorium-en-beaujolais.fr\/index.php?rest_route=\/wp\/v2\/pages\/290\/revisions"}],"predecessor-version":[{"id":324,"href":"https:\/\/graphorium-en-beaujolais.fr\/index.php?rest_route=\/wp\/v2\/pages\/290\/revisions\/324"}],"wp:featuredmedia":[{"embeddable":true,"href":"https:\/\/graphorium-en-beaujolais.fr\/index.php?rest_route=\/wp\/v2\/media\/318"}],"wp:attachment":[{"href":"https:\/\/graphorium-en-beaujolais.fr\/index.php?rest_route=%2Fwp%2Fv2%2Fmedia&parent=290"}],"curies":[{"name":"wp","href":"https:\/\/api.w.org\/{rel}","templated":true}]}}