{"id":289,"date":"2018-11-02T22:45:31","date_gmt":"2018-11-02T21:45:31","guid":{"rendered":"http:\/\/graphorium-en-beaujolais.fr\/?page_id=289"},"modified":"2018-11-02T23:21:40","modified_gmt":"2018-11-02T22:21:40","slug":"atelier-calligraphie-et-enluminure","status":"publish","type":"page","link":"https:\/\/graphorium-en-beaujolais.fr\/?page_id=289","title":{"rendered":"Atelier Calligraphie et Enluminure"},"content":{"rendered":"\n<p>Atelier de d\u00e9couverte, d&rsquo;\u00e9tude et de pratique de la calligraphie latine et de l&rsquo;enluminure m\u00e9di\u00e9vale.<\/p>\n\n\n\n<p>Connaissance de l&rsquo;histoire de l&rsquo;\u00e9criture et de l&rsquo;enluminure depuis la fin de l&rsquo;Empire Romain jusqu&rsquo;\u00e0 l&rsquo;invention de l&rsquo;imprimerie.<\/p>\n\n\n\n<p>Apprentissage et pratique des 5 calligraphies suivantes : L&rsquo;Onciale, La Caroline, La Majuscule Insulaire, La Gothique Fraktur, La Capitale Lombarde. \u00c9criture traditionnelle au calame (de roseau ou de bambou) ou&nbsp; \u00e0 la plume, ou \u00e9criture contemporaine aux stylo ou au feutre de calligraphie.<\/p>\n\n\n\n<p>Apprentissage des techniques d&rsquo;enluminure et de dorure \u00e0 la feuille d&rsquo;or. Confection d&rsquo;encres et de pigments. Enluminure traditionnelle a tempera, ou contemporaine \u00e0 l&rsquo;encre et au feutre.<\/p>\n","protected":false},"excerpt":{"rendered":"<p>Atelier de d\u00e9couverte, d&rsquo;\u00e9tude et de pratique de la calligraphie latine et de l&rsquo;enluminure m\u00e9di\u00e9vale. Connaissance de l&rsquo;histoire de l&rsquo;\u00e9criture et de l&rsquo;enluminure depuis la fin de l&rsquo;Empire Romain jusqu&rsquo;\u00e0 l&rsquo;invention de l&rsquo;imprimerie. Apprentissage et pratique des 5 calligraphies suivantes : L&rsquo;Onciale, La Caroline, La Majuscule Insulaire, La Gothique Fraktur, La Capitale Lombarde. \u00c9criture traditionnelle\u2026<\/p>\n","protected":false},"author":1,"featured_media":314,"parent":0,"menu_order":0,"comment_status":"closed","ping_status":"closed","template":"","meta":{"footnotes":""},"class_list":["post-289","page","type-page","status-publish","has-post-thumbnail","hentry"],"_links":{"self":[{"href":"https:\/\/graphorium-en-beaujolais.fr\/index.php?rest_route=\/wp\/v2\/pages\/289","targetHints":{"allow":["GET"]}}],"collection":[{"href":"https:\/\/graphorium-en-beaujolais.fr\/index.php?rest_route=\/wp\/v2\/pages"}],"about":[{"href":"https:\/\/graphorium-en-beaujolais.fr\/index.php?rest_route=\/wp\/v2\/types\/page"}],"author":[{"embeddable":true,"href":"https:\/\/graphorium-en-beaujolais.fr\/index.php?rest_route=\/wp\/v2\/users\/1"}],"replies":[{"embeddable":true,"href":"https:\/\/graphorium-en-beaujolais.fr\/index.php?rest_route=%2Fwp%2Fv2%2Fcomments&post=289"}],"version-history":[{"count":3,"href":"https:\/\/graphorium-en-beaujolais.fr\/index.php?rest_route=\/wp\/v2\/pages\/289\/revisions"}],"predecessor-version":[{"id":310,"href":"https:\/\/graphorium-en-beaujolais.fr\/index.php?rest_route=\/wp\/v2\/pages\/289\/revisions\/310"}],"wp:featuredmedia":[{"embeddable":true,"href":"https:\/\/graphorium-en-beaujolais.fr\/index.php?rest_route=\/wp\/v2\/media\/314"}],"wp:attachment":[{"href":"https:\/\/graphorium-en-beaujolais.fr\/index.php?rest_route=%2Fwp%2Fv2%2Fmedia&parent=289"}],"curies":[{"name":"wp","href":"https:\/\/api.w.org\/{rel}","templated":true}]}}