{"id":288,"date":"2018-11-02T22:45:31","date_gmt":"2018-11-02T21:45:31","guid":{"rendered":"http:\/\/graphorium-en-beaujolais.fr\/?page_id=288"},"modified":"2018-11-02T23:28:27","modified_gmt":"2018-11-02T22:28:27","slug":"atelier-arts-graphiques","status":"publish","type":"page","link":"https:\/\/graphorium-en-beaujolais.fr\/?page_id=288","title":{"rendered":"Atelier Arts Graphiques"},"content":{"rendered":"\n<p>D\u00e9couverte de l&rsquo;\u00e9criture et des arts graphiques \u00e0 travers les \u00e2ges. Les supports et les outils d&rsquo;\u00e9criture depuis l&rsquo;origine.<\/p>\n\n\n\n<p>R\u00e9alisation d&rsquo;ouvrages d&rsquo;\u00e9criture ancienne, d&rsquo;avant le Moyen-Age, \u00e0 titre d&rsquo;exemples p\u00e9dagogiques (ex. tablettes d\u2019argile, papyrus, rouleaux de bois).<\/p>\n","protected":false},"excerpt":{"rendered":"<p>D\u00e9couverte de l&rsquo;\u00e9criture et des arts graphiques \u00e0 travers les \u00e2ges. Les supports et les outils d&rsquo;\u00e9criture depuis l&rsquo;origine. R\u00e9alisation d&rsquo;ouvrages d&rsquo;\u00e9criture ancienne, d&rsquo;avant le Moyen-Age, \u00e0 titre d&rsquo;exemples p\u00e9dagogiques (ex. tablettes d\u2019argile, papyrus, rouleaux de bois).<\/p>\n","protected":false},"author":1,"featured_media":315,"parent":0,"menu_order":0,"comment_status":"closed","ping_status":"closed","template":"","meta":{"footnotes":""},"class_list":["post-288","page","type-page","status-publish","has-post-thumbnail","hentry"],"_links":{"self":[{"href":"https:\/\/graphorium-en-beaujolais.fr\/index.php?rest_route=\/wp\/v2\/pages\/288","targetHints":{"allow":["GET"]}}],"collection":[{"href":"https:\/\/graphorium-en-beaujolais.fr\/index.php?rest_route=\/wp\/v2\/pages"}],"about":[{"href":"https:\/\/graphorium-en-beaujolais.fr\/index.php?rest_route=\/wp\/v2\/types\/page"}],"author":[{"embeddable":true,"href":"https:\/\/graphorium-en-beaujolais.fr\/index.php?rest_route=\/wp\/v2\/users\/1"}],"replies":[{"embeddable":true,"href":"https:\/\/graphorium-en-beaujolais.fr\/index.php?rest_route=%2Fwp%2Fv2%2Fcomments&post=288"}],"version-history":[{"count":2,"href":"https:\/\/graphorium-en-beaujolais.fr\/index.php?rest_route=\/wp\/v2\/pages\/288\/revisions"}],"predecessor-version":[{"id":316,"href":"https:\/\/graphorium-en-beaujolais.fr\/index.php?rest_route=\/wp\/v2\/pages\/288\/revisions\/316"}],"wp:featuredmedia":[{"embeddable":true,"href":"https:\/\/graphorium-en-beaujolais.fr\/index.php?rest_route=\/wp\/v2\/media\/315"}],"wp:attachment":[{"href":"https:\/\/graphorium-en-beaujolais.fr\/index.php?rest_route=%2Fwp%2Fv2%2Fmedia&parent=288"}],"curies":[{"name":"wp","href":"https:\/\/api.w.org\/{rel}","templated":true}]}}