{"id":199,"date":"2018-11-02T13:31:43","date_gmt":"2018-11-02T12:31:43","guid":{"rendered":"http:\/\/graphorium-en-beaujolais.fr\/?page_id=199"},"modified":"2018-11-02T13:31:43","modified_gmt":"2018-11-02T12:31:43","slug":"mentions-legales","status":"publish","type":"page","link":"https:\/\/graphorium-en-beaujolais.fr\/?page_id=199","title":{"rendered":"Mentions l\u00e9gales"},"content":{"rendered":"\n<p>Merci\nde lire avec attention les diff\u00e9rentes modalit\u00e9s d\u2019utilisation du pr\u00e9sent site\navant d\u2019y parcourir ses pages.<\/p>\n\n\n\n<p>En\nvous connectant sur ce site, vous acceptez sans r\u00e9serve les pr\u00e9sentes\nmodalit\u00e9s. Aussi, conform\u00e9ment \u00e0 l\u2019article n\u00b06 de la Loi n\u00b02004-575 du 21 Juin\n2004 pour la confiance dans l\u2019\u00e9conomie num\u00e9rique, les responsables du pr\u00e9sent\nsite internet www.graphorium-en-beaujolais.fr sont :<\/p>\n\n\n\n<p>Le\nGraphorium en Beaujolais<\/p>\n\n\n\n<p>Association\nloi 1901 &#8211; D\u00e9clar\u00e9e en sous-pr\u00e9fecture de Villefranche-sur-Sa\u00f4ne \u2013 RNA n\u00b0\nW692006655<\/p>\n\n\n\n<p>Num\u00e9ro\nde SIRET : 838 689 644 00014 \u2013 APE 9499Z<\/p>\n\n\n\n<p>Responsable\n\u00e9ditorial : Patrick PAWLAK &#8211; 91 Mont\u00e9e du Verger &#8211; 69620 Theiz\u00e9 &#8211; France<\/p>\n\n\n\n<p>T\u00e9l\u00e9phone\n:+33 (0)6 86 35 66 74 &#8211; Fax : +33 (0)4 74 71 12 75 &#8211; Email : contact@graphorium-en-beaujolais.fr\n&#8211; Site Web : http:\/\/www.graphorium-en-beaujolais.fr<\/p>\n\n\n\n<p>H\u00e9bergeur\n: OVH &#8211; 2 rue Kellermann &#8211; 59100 Roubaix \u2013 France &#8211; Site Web : http:\/\/www.ovh.com\u00a0\u00bb&gt;www.ovh.com<\/p>\n\n\n\n<p>D\u00e9veloppeur&nbsp;:\nPatrick PAWLAK &#8211; 91 Mont\u00e9e du Verger &#8211; 69620 Theiz\u00e9 \u2013 France &#8211; Site Web : http:\/\/www.ovh.com<\/p>\n\n\n\n<p>Conditions\nd\u2019utilisation :<\/p>\n\n\n\n<p>Ce\nsite http:\/\/www.graphorium-en-beaujolais.fr est propos\u00e9 en diff\u00e9rents langages\nweb (HTML, HTML5, Javascript, CSS, etc\u2026) pour un meilleur confort d&rsquo;utilisation\net un graphisme plus agr\u00e9able, nous vous recommandons de recourir \u00e0 des\nnavigateurs modernes comme Internet explorer, Safari, Firefox, Google Chrome,\netc\u2026<\/p>\n\n\n\n<p>Les\nmentions l\u00e9gales ont \u00e9t\u00e9 g\u00e9n\u00e9r\u00e9es sur le site g\u00e9n\u00e9rateur de mentions l\u00e9gales\npour site internet gratuit http:\/\/www.generateur-de-mentions-legales.com<\/p>\n\n\n\n<p>Le\nGraphorium en Beaujolais met en \u0153uvre tous les moyens dont il dispose, pour\nassurer une information fiable et une mise \u00e0 jour fiable de ses sites internet.\nToutefois, des erreurs ou omissions peuvent survenir. L&rsquo;internaute devra donc\ns&rsquo;assurer de l&rsquo;exactitude des informations aupr\u00e8s du site http:\/\/www.graphorium-en-beaujolais.fr,\net signaler toutes modifications du site qu&rsquo;il jugerait utile. Le Graphorium en\nBeaujolais n&rsquo;est en aucun cas responsable de l&rsquo;utilisation faite de ces\ninformations, et de tout pr\u00e9judice direct ou indirect pouvant en d\u00e9couler.<\/p>\n\n\n\n<p>Cookies&nbsp;:<\/p>\n\n\n\n<p>Le\nsite http:\/\/www.graphorium-en-beaujolais.fr peut \u00eatre amen\u00e9 \u00e0 vous demander\nl\u2019acceptation des cookies pour des besoins de statistiques et d&rsquo;affichage. Un\ncookie est une information d\u00e9pos\u00e9e sur votre disque dur par le serveur du site\nque vous visitez. Il contient plusieurs donn\u00e9es qui sont stock\u00e9es sur votre\nordinateur dans un simple fichier texte auquel un serveur acc\u00e8de pour lire et\nenregistrer des informations. Certaines parties de ce site ne peuvent \u00eatre\nfonctionnelles sans l\u2019acceptation de cookies.<\/p>\n\n\n\n<p>Liens\nhypertextes&nbsp;:<\/p>\n\n\n\n<p>Les\nsites internet de peuvent offrir des liens vers d\u2019autres sites internet ou\nd\u2019autres ressources disponibles sur Internet. Le Graphorium en Beaujolais ne\ndispose d&rsquo;aucun moyen pour contr\u00f4ler les sites en connexion avec ses sites\ninternet, ne r\u00e9pond pas de la disponibilit\u00e9 de tels sites et sources externes,\nni ne la garantit. Il ne peut \u00eatre tenu pour responsable de tout dommage, de\nquelque nature que ce soit, r\u00e9sultant du contenu de ces sites ou sources\nexternes, et notamment des informations, produits ou services qu\u2019ils proposent,\nou de tout usage qui peut \u00eatre fait de ces \u00e9l\u00e9ments. Les risques li\u00e9s \u00e0 cette\nutilisation incombent pleinement \u00e0 l&rsquo;internaute, qui doit se conformer \u00e0 leurs\nconditions d&rsquo;utilisation.<\/p>\n\n\n\n<p>Les\nutilisateurs, les abonn\u00e9s et les visiteurs des sites internet de ne peuvent\nmettre en place un hyperlien en direction de ce site sans l&rsquo;autorisation\nexpresse et pr\u00e9alable de Le Graphorium en Beaujolais.<\/p>\n\n\n\n<p>Dans\nl&rsquo;hypoth\u00e8se o\u00f9 un utilisateur ou visiteur souhaiterait mettre en place un\nhyperlien en direction d\u2019un des sites internet de Le Graphorium en Beaujolais,\nil lui appartiendra d&rsquo;adresser un email accessible sur le site afin de formuler\nsa demande de mise en place d&rsquo;un hyperlien. Le Graphorium en Beaujolais se\nr\u00e9serve le droit d\u2019accepter ou de refuser un hyperlien sans avoir \u00e0 en\njustifier sa d\u00e9cision.<\/p>\n\n\n\n<p>Services\nfournis : <\/p>\n\n\n\n<p>L&rsquo;ensemble\ndes activit\u00e9s de l\u2019association ainsi que ses informations sont pr\u00e9sent\u00e9s sur\nnotre site http:\/\/www.graphorium-en-beaujolais.fr. Le Graphorium en Beaujolais\ns\u2019efforce de fournir sur le site www.graphorium-en-beaujolais.fr des\ninformations aussi pr\u00e9cises que possible. Les renseignements figurant sur le\nsite http:\/\/www.graphorium-en-beaujolais.fr ne sont pas exhaustifs et les\nphotos non contractuelles. Ils sont donn\u00e9s sous r\u00e9serve de modifications ayant\n\u00e9t\u00e9 apport\u00e9es depuis leur mise en ligne. Par ailleurs, tous les informations\nindiqu\u00e9es sur le site www.graphorium-en-beaujolais.fr sont donn\u00e9es \u00e0 titre\nindicatif, et sont susceptibles de changer ou d\u2019\u00e9voluer sans pr\u00e9avis.&nbsp; <\/p>\n\n\n\n<p>Limitation\ncontractuelles sur les donn\u00e9es :<\/p>\n\n\n\n<p>Les\ninformations contenues sur ce site sont aussi pr\u00e9cises que possible et le site\nremis \u00e0 jour \u00e0 diff\u00e9rentes p\u00e9riodes de l\u2019ann\u00e9e, mais peut toutefois contenir\ndes inexactitudes ou des omissions. Si vous constatez une lacune, erreur ou ce\nqui parait \u00eatre un dysfonctionnement, merci de bien vouloir le signaler par\nemail, \u00e0 l\u2019adresse contact@graphorium-en-beaujolais.fr, en d\u00e9crivant le\nprobl\u00e8me de la mani\u00e8re la plus pr\u00e9cise possible (page posant probl\u00e8me, type\nd\u2019ordinateur et de navigateur utilis\u00e9, \u2026).<\/p>\n\n\n\n<p>Tout\ncontenu t\u00e9l\u00e9charg\u00e9 se fait aux risques et p\u00e9rils de l&rsquo;utilisateur et sous sa\nseule responsabilit\u00e9. En cons\u00e9quence, ne saurait \u00eatre tenu responsable d&rsquo;un\nquelconque dommage subi par l&rsquo;ordinateur de l&rsquo;utilisateur ou d&rsquo;une quelconque\nperte de donn\u00e9es cons\u00e9cutives au t\u00e9l\u00e9chargement. De plus, l\u2019utilisateur du site\ns\u2019engage \u00e0 acc\u00e9der au site en utilisant un mat\u00e9riel r\u00e9cent, ne contenant pas de\nvirus et avec un navigateur de derni\u00e8re g\u00e9n\u00e9ration mis-\u00e0-jour.<\/p>\n\n\n\n<p>Les\nliens hypertextes mis en place dans le cadre du pr\u00e9sent site internet en\ndirection d&rsquo;autres ressources pr\u00e9sentes sur le r\u00e9seau Internet ne sauraient\nengager la responsabilit\u00e9 du Graphorium en Beaujolais.<\/p>\n\n\n\n<p>Propri\u00e9t\u00e9\nintellectuelle :<\/p>\n\n\n\n<p>Tout\nle contenu du pr\u00e9sent sur le site http:\/\/www.graphorium-en-beaujolais.fr,\nincluant, de fa\u00e7on non limitative, les graphismes, images, textes, vid\u00e9os,\nanimations, sons, logos, GIFS et ic\u00f4nes ainsi que leur mise en forme sont la\npropri\u00e9t\u00e9 exclusive de l\u2019association, \u00e0 l&rsquo;exception des marques, logos ou\ncontenus appartenant \u00e0 d&rsquo;autres soci\u00e9t\u00e9s partenaires ou auteurs.<\/p>\n\n\n\n<p>Toute\nreproduction, distribution, modification, adaptation, retransmission ou\npublication, m\u00eame partielle, de ces diff\u00e9rents \u00e9l\u00e9ments est strictement\ninterdite sans l&rsquo;accord expr\u00e8s par \u00e9crit du Graphorium en Beaujolais. Cette\nrepr\u00e9sentation ou reproduction, par quelque proc\u00e9d\u00e9 que ce soit, constitue une\ncontrefa\u00e7on sanctionn\u00e9e par les articles L.335-2 et suivants du Code de la\npropri\u00e9t\u00e9 intellectuelle. Le non-respect de cette interdiction constitue une\ncontrefa\u00e7on pouvant engager la responsabilit\u00e9 civile et p\u00e9nale du\ncontrefacteur. En outre, les propri\u00e9taires des contenus copi\u00e9s pourraient\nintenter une action en justice \u00e0 votre encontre.<\/p>\n\n\n\n<p>D\u00e9claration\n\u00e0 la CNIL : <\/p>\n\n\n\n<p>Conform\u00e9ment\n\u00e0 la loi 78-17 du 6 janvier 1978 (modifi\u00e9e par la loi 2004-801 du 6 ao\u00fbt 2004\nrelative \u00e0 la protection des personnes physiques \u00e0 l&rsquo;\u00e9gard des traitements de\ndonn\u00e9es \u00e0 caract\u00e8re personnel) relative \u00e0 l&rsquo;informatique, aux fichiers et aux\nlibert\u00e9s, ce site a fait l&rsquo;objet d&rsquo;une d\u00e9claration aupr\u00e8s de la Commission\nnationale de l&rsquo;informatique et des libert\u00e9s.<\/p>\n\n\n\n<p>Les\npr\u00e9sentes conditions du site http:\/\/www.graphorium-en-beaujolais.fr sont r\u00e9gies\npar les lois fran\u00e7aises et toute contestation ou litiges qui pourraient na\u00eetre\nde l&rsquo;interpr\u00e9tation ou de l&rsquo;ex\u00e9cution de celles-ci seront de la comp\u00e9tence\nexclusive des tribunaux dont d\u00e9pend le si\u00e8ge social de la soci\u00e9t\u00e9. La langue de\nr\u00e9f\u00e9rence, pour le r\u00e8glement de contentieux \u00e9ventuels, est le fran\u00e7ais.<\/p>\n\n\n\n<p>Donn\u00e9es\npersonnelles :<\/p>\n\n\n\n<p>De\nmani\u00e8re g\u00e9n\u00e9rale, vous n\u2019\u00eates pas tenu de nous communiquer vos donn\u00e9es personnelles\nlorsque vous visitez notre site Internet http:\/\/www.graphorium-en-beaujolais.fr<\/p>\n\n\n\n<p>Cependant,\nce principe comporte certaines exceptions. En effet, pour certains services\npropos\u00e9s par notre site, vous pouvez \u00eatre amen\u00e9s \u00e0 nous communiquer certaines\ndonn\u00e9es telles que : votre nom, votre fonction, le nom de votre soci\u00e9t\u00e9, votre\nadresse \u00e9lectronique, et votre num\u00e9ro de t\u00e9l\u00e9phone. Tel est le cas lorsque vous\nremplissez le formulaire qui vous est propos\u00e9 en ligne, dans la rubrique \u00ab\ncontact \u00bb. Dans tous les cas, vous pouvez refuser de fournir vos donn\u00e9es\npersonnelles. Dans ce cas, vous ne pourrez pas utiliser les services du site,\nnotamment celui de solliciter des renseignements sur notre association, ou de\nrecevoir les lettres d\u2019information.<\/p>\n\n\n\n<p>Enfin,\nnous pouvons collecter de mani\u00e8re automatique certaines informations vous\nconcernant lors d\u2019une simple navigation sur notre site Internet, notamment :\ndes informations concernant l\u2019utilisation de notre site, comme les zones que\nvous visitez et les services auxquels vous acc\u00e9dez, votre adresse IP, le type\nde votre navigateur, vos temps d&rsquo;acc\u00e8s. De telles informations sont utilis\u00e9es\nexclusivement \u00e0 des fins de statistiques internes, de mani\u00e8re \u00e0 am\u00e9liorer la\nqualit\u00e9 des services qui vous sont propos\u00e9s. Les bases de donn\u00e9es sont\nprot\u00e9g\u00e9es par les dispositions de la loi du 1er juillet 1998 transposant la directive\n96\/9 du 11 mars 1996 relative \u00e0 la protection juridique des bases de donn\u00e9es.<\/p>\n","protected":false},"excerpt":{"rendered":"<p>Merci de lire avec attention les diff\u00e9rentes modalit\u00e9s d\u2019utilisation du pr\u00e9sent site avant d\u2019y parcourir ses pages. En vous connectant sur ce site, vous acceptez sans r\u00e9serve les pr\u00e9sentes modalit\u00e9s. Aussi, conform\u00e9ment \u00e0 l\u2019article n\u00b06 de la Loi n\u00b02004-575 du 21 Juin 2004 pour la confiance dans l\u2019\u00e9conomie num\u00e9rique, les responsables du pr\u00e9sent site internet\u2026<\/p>\n","protected":false},"author":1,"featured_media":0,"parent":0,"menu_order":0,"comment_status":"closed","ping_status":"closed","template":"","meta":{"footnotes":""},"class_list":["post-199","page","type-page","status-publish","hentry"],"_links":{"self":[{"href":"https:\/\/graphorium-en-beaujolais.fr\/index.php?rest_route=\/wp\/v2\/pages\/199","targetHints":{"allow":["GET"]}}],"collection":[{"href":"https:\/\/graphorium-en-beaujolais.fr\/index.php?rest_route=\/wp\/v2\/pages"}],"about":[{"href":"https:\/\/graphorium-en-beaujolais.fr\/index.php?rest_route=\/wp\/v2\/types\/page"}],"author":[{"embeddable":true,"href":"https:\/\/graphorium-en-beaujolais.fr\/index.php?rest_route=\/wp\/v2\/users\/1"}],"replies":[{"embeddable":true,"href":"https:\/\/graphorium-en-beaujolais.fr\/index.php?rest_route=%2Fwp%2Fv2%2Fcomments&post=199"}],"version-history":[{"count":2,"href":"https:\/\/graphorium-en-beaujolais.fr\/index.php?rest_route=\/wp\/v2\/pages\/199\/revisions"}],"predecessor-version":[{"id":204,"href":"https:\/\/graphorium-en-beaujolais.fr\/index.php?rest_route=\/wp\/v2\/pages\/199\/revisions\/204"}],"wp:attachment":[{"href":"https:\/\/graphorium-en-beaujolais.fr\/index.php?rest_route=%2Fwp%2Fv2%2Fmedia&parent=199"}],"curies":[{"name":"wp","href":"https:\/\/api.w.org\/{rel}","templated":true}]}}